{"id":333,"date":"2022-02-27T17:58:18","date_gmt":"2022-02-27T17:58:18","guid":{"rendered":"https:\/\/dev.dtrees.com\/?page_id=333"},"modified":"2022-03-07T11:13:19","modified_gmt":"2022-03-07T11:13:19","slug":"veranstaltungen","status":"publish","type":"page","link":"https:\/\/dtrees.com\/en\/events\/","title":{"rendered":"Veranstaltungen"},"content":{"rendered":"<div data-elementor-type=\"wp-page\" data-elementor-id=\"333\" class=\"elementor elementor-333\">\n\t\t\t\t\t\t<section class=\"elementor-section elementor-top-section elementor-element elementor-element-234f9d6f elementor-section-height-min-height elementor-section-stretched elementor-section-boxed elementor-section-height-default elementor-section-items-middle\" data-id=\"234f9d6f\" data-element_type=\"section\" data-settings=\"{&quot;stretch_section&quot;:&quot;section-stretched&quot;,&quot;background_background&quot;:&quot;classic&quot;}\">\n\t\t\t\t\t\t<div class=\"elementor-container elementor-column-gap-no\">\n\t\t\t\t\t<div class=\"elementor-column elementor-col-100 elementor-top-column elementor-element elementor-element-121d3430\" data-id=\"121d3430\" data-element_type=\"column\">\n\t\t\t<div class=\"elementor-widget-wrap elementor-element-populated\">\n\t\t\t\t\t\t<div class=\"elementor-element elementor-element-1664a543 elementor-widget elementor-widget-spacer\" data-id=\"1664a543\" data-element_type=\"widget\" data-widget_type=\"spacer.default\">\n\t\t\t\t<div class=\"elementor-widget-container\">\n\t\t\t\t\t\t\t<div class=\"elementor-spacer\">\n\t\t\t<div class=\"elementor-spacer-inner\"><\/div>\n\t\t<\/div>\n\t\t\t\t\t\t<\/div>\n\t\t\t\t<\/div>\n\t\t\t\t<div class=\"elementor-element elementor-element-47521a71 elementor-widget__width-auto elementor-widget elementor-widget-heading\" data-id=\"47521a71\" data-element_type=\"widget\" data-widget_type=\"heading.default\">\n\t\t\t\t<div class=\"elementor-widget-container\">\n\t\t\t\t\t<h2 class=\"elementor-heading-title elementor-size-default\">Veranstaltungen<\/h2>\t\t\t\t<\/div>\n\t\t\t\t<\/div>\n\t\t\t\t<div class=\"elementor-element elementor-element-5b270e10 elementor-widget elementor-widget-spacer\" data-id=\"5b270e10\" data-element_type=\"widget\" data-widget_type=\"spacer.default\">\n\t\t\t\t<div class=\"elementor-widget-container\">\n\t\t\t\t\t\t\t<div class=\"elementor-spacer\">\n\t\t\t<div class=\"elementor-spacer-inner\"><\/div>\n\t\t<\/div>\n\t\t\t\t\t\t<\/div>\n\t\t\t\t<\/div>\n\t\t\t\t<div class=\"elementor-element elementor-element-7565380 elementor-widget__width-auto elementor-widget elementor-widget-heading\" data-id=\"7565380\" data-element_type=\"widget\" data-widget_type=\"heading.default\">\n\t\t\t\t<div class=\"elementor-widget-container\">\n\t\t\t\t\t<h3 class=\"elementor-heading-title elementor-size-default\">Decision Trees bei verschiedenen Veranstaltungen pr\u00e4sent<\/h3>\t\t\t\t<\/div>\n\t\t\t\t<\/div>\n\t\t\t\t\t<\/div>\n\t\t<\/div>\n\t\t\t\t\t<\/div>\n\t\t<\/section>\n\t\t\t\t<section class=\"elementor-section elementor-top-section elementor-element elementor-element-3b528620 elementor-section-stretched elementor-section-boxed elementor-section-height-default elementor-section-height-default\" data-id=\"3b528620\" data-element_type=\"section\" data-settings=\"{&quot;stretch_section&quot;:&quot;section-stretched&quot;}\">\n\t\t\t\t\t\t<div class=\"elementor-container elementor-column-gap-default\">\n\t\t\t\t\t<div class=\"elementor-column elementor-col-100 elementor-top-column elementor-element elementor-element-73000273\" data-id=\"73000273\" data-element_type=\"column\">\n\t\t\t<div class=\"elementor-widget-wrap elementor-element-populated\">\n\t\t\t\t\t\t<div class=\"elementor-element elementor-element-63300c68 elementor-widget elementor-widget-text-editor\" data-id=\"63300c68\" data-element_type=\"widget\" data-widget_type=\"text-editor.default\">\n\t\t\t\t<div class=\"elementor-widget-container\">\n\t\t\t\t\t\t\t\t\t<h3><a href=\"https:\/\/www.e-world-essen.com\/\" data-rt-link-type=\"external\">Besuchen Sie uns auf der e-World-2018<\/a><\/h3><figure class=\"w-richtext-figure-type-image w-richtext-align-floatright\" data-rt-type=\"image\" data-rt-align=\"floatright\"><div><img decoding=\"async\" class=\"alignright\" src=\"https:\/\/assets.website-files.com\/5c6fd02e6978d217448b286f\/5c78ec454948aa605483eb99_EW_WM_Signetvorlagen_Querformat_2016.png\" \/><\/div><\/figure><p>Decision Trees GmbH stellt dieses Jahr wieder Produkte und Dienstleistungen rund um die mathematische und stochastische Optimierung in der Energiewirtschaft vor. Wir freuen uns, Ihnen unsere neusten Entwicklungen bei der stochastischen Cross-Commodity- und Cross-Market-Optimierung von hydro-thermischen Erzeugungsportfolios und von virtuellen Kraftwerken sowie bei der stochastischen Cross-Market-Gasportfolio-Optimierung vorzustellen.<\/p><p>Wir d\u00fcrfen Sie wieder sehr herzlich auf einen Besuch unseres Standes auf der e-World-2018 in Essen vom 06. bis 08. Februar 2018 einladen. Wir befinden uns diesmal in der Haupthalle 3 Stand 3-123.<\/p><p>Kommen Sie doch vorbei, entspannen Sie sich bei einem guten Kaffee und erfahren Sie mehr \u00fcber quantifizierbare Mehrertr\u00e4ge aus ihren Asset-Portfolios bei gleichzeitig kontrollierbarem Risiko.<\/p><p>Wir freuen uns \u00fcber eine Terminvereinbarung bei Herrn \u00d6mer Kuzug\u00fcden unter +49 89 20 70 42 284 oder unter\u00a0<a data-rt-link-type=\"external\">office(at)dtrees.com<\/a>.<\/p><p>Wie immer gibt es am Stand von Decision Trees gut gek\u00fchltes Wei\u00dfbier.<\/p><h3>DTrees auf dem VDI Wissensforum &#8222;Kraftwerkseinsatzplanung &#8211; Flexible Kraftwerke optimal vermarkten&#8220;<\/h3><p>Am diesj\u00e4hrigen VDI Wissensforum &#8222;Kraftwerkseinsatzplanung &#8211; Flexible Kraftwerke optimal vermarkten&#8220; am 9. Juni 2015 wird Herr Dr. Ostermaier einen Vortrag \u00fcber die &#8222;Bewertung von Kraftwerken in unsicheren M\u00e4rkten&#8220; halten.<br \/><br \/>Schwerpunkte des Vortrags:<\/p><ul><li>Entwicklungen in Stromm\u00e4rkten vor dem Hintergrund der Energiewende<\/li><li>Gemeinsame Vermarktung von Kraftwerken \u2013 mit und ohne W\u00e4rmeauskopplung \u2013 in mehreren M\u00e4rkten<\/li><li>Cross-Market-Optimierung von Erzeugungsportfolios in Day-Ahead, Intra-Day und Regelenergiem\u00e4rktenangfristige Bewertung von Kraftwerken basierend auf<\/li><li>Langfristige Bewertung von Kraftwerken basierend auf Fundamentalannahmen<\/li><li>Beispiel einer Investitionsbewertung f\u00fcr ein Pumpspeicherkraftwerk<\/li><\/ul><p><a href=\"https:\/\/www.vdi-wissensforum.de\/de\/nc\/angebot\/detailseite\/event\/06FO993003\/\" target=\"_blank\" rel=\"noopener\" data-rt-link-type=\"external\">Hier<\/a>\u00a0gelangen Sie zur Website der Veranstaltung.<\/p><h3>Regulatory &amp; Policy Framework for Ancillary Services<\/h3><figure class=\"w-richtext-figure-type-image w-richtext-align-floatright\" data-rt-type=\"image\" data-rt-align=\"floatright\"><div><img decoding=\"async\" class=\"alignright\" src=\"https:\/\/assets.website-files.com\/5c6fd02e6978d217448b286f\/5c71c563fd08195c9f8db0d3_csm_Georg_AncillaryServicesWorkshop20140611_be21bad3ca.jpeg\" \/><\/div><\/figure><p>DTrees war der offizielle Partner des Forums\u00a0<strong>&#8222;Regulatory &amp; Policy Framework for Ancillary Services&#8220;<\/strong>, das vom 10. bis 11. Juni 2014 in Berlin stattgefunden hat.<\/p><p>Der Gesch\u00e4ftsf\u00fchrer von DTrees, Dr. Georg Ostermeier, leitete dort ein Workshop mit dem Thema\u00a0<strong>&#8222;Integrated optimization of spot and ancillary service market offers&#8220;<\/strong>.<\/p><p>Weitere Informationen zur Veranstaltung finden Sie\u00a0<a href=\"http:\/\/tbmevolution.com\/index.php\/conferences\/past-events\/regulatory-policy-framework-ancillary-services-detail\" target=\"_blank\" rel=\"noopener\" data-rt-link-type=\"external\">hier<\/a>.<\/p><h3>OR und Statistische Analyse mit Mathematischen Tools Demos und Erfahrungsaustausch<\/h3><figure class=\"w-richtext-figure-type-image w-richtext-align-floatright\" data-rt-type=\"image\" data-rt-align=\"floatright\"><div><img decoding=\"async\" class=\"alignright\" src=\"https:\/\/assets.website-files.com\/5c6fd02e6978d217448b286f\/5c71c5636e5e68e434ebb00a_csm_Georg_AncillaryServicesWorkshop2014InBerlin_efe4b0cfd9.jpeg\" \/><\/div><\/figure><p>DTrees hat am diesj\u00e4hrigen Workshop der \u00d6sterreichischen Computer Gesellschaft teilgenommen. Der Workshop mit dem Titel\u00a0<strong>&#8222;OR und Statistische Analyse mit Mathematischen Tools Demos und Erfahrungsaustausch&#8220;<\/strong>\u00a0fand am 13. Mai 2014 in Wien statt. Der Gesch\u00e4ftsf\u00fchrer von DTrees, Dr. Georg Ostermaier, hielt einen Vortrag zum Thema &#8222;<strong><em>MATLAB-basierte stochastische Preismodelle&#8220;.<\/em><\/strong><\/p><p>Weitere Informationen zum Workshop finden Sie\u00a0<a href=\"http:\/\/www.ocg.at\/de\/operations-research\" target=\"_blank\" rel=\"noopener\" data-rt-link-type=\"external\">hier<\/a>. Die Vortragsfolien stehen Ihnen\u00a0<a href=\"http:\/\/dtrees.com\/en\/fileadmin\/user_upload\/Presentations\/20140513_OCG-Ostermaier-Stochastic-Price-Processes-in-Matlab.pdf\/\" data-rt-link-type=\"external\">hier<\/a>\u00a0zum Download zur Verf\u00fcgung.<\/p><h3>9. \u00d6GOR &#8211; IHS Workshop: Mathematische \u00d6konomie und Optimierung in der Energiewirtschaft<\/h3><figure class=\"w-richtext-figure-type-image w-richtext-align-floatright\" data-rt-type=\"image\" data-rt-align=\"floatright\"><div><img decoding=\"async\" class=\"alignright\" src=\"https:\/\/assets.website-files.com\/5c6fd02e6978d217448b286f\/5c71c563c6a06514be7ade44_csm_Georg_OgorWorkshop2014Jan_74c8d42ba0.jpeg\" \/><\/div><\/figure><figure class=\"w-richtext-figure-type-image w-richtext-align-floatright\" data-rt-type=\"image\" data-rt-align=\"floatright\"><div><img decoding=\"async\" class=\"alignright\" src=\"https:\/\/assets.website-files.com\/5c6fd02e6978d217448b286f\/5c71c56333128249193b5f8a_csm_Kuzugueden_OgorWorkshop2014Jan_5a75cd9e48.jpeg\" \/><\/div><\/figure><p>DTrees besuchte auch dieses Jahr wieder den 9. \u00d6GOR &#8211; IHS Workshop mit dem Thema:\u00a0<a href=\"http:\/\/www.ihs.ac.at\/vienna\/IHS-Departments-2\/Economics-and-Finance-2\/Applied-Economics-and-Finance-1\/Seminars-and-workshops.htm\" target=\"_blank\" rel=\"noopener\" data-rt-link-type=\"external\"><strong>&#8222;Mathematische \u00d6konomie und Optimierung in der Energiewirtschaft&#8220;<\/strong><\/a>.<\/p><p>Der Gesch\u00e4ftsf\u00fchrer von DTrees, Herr Dr. Georg Ostermaier, hielt einen Vortrag zum Thema\u00a0<strong>&#8222;Bewertung von Erdgasvertr\u00e4gen \/ Erdgasspeichern durch mehrstufige stochastische Optimierung unter Ber\u00fccksichtigung des Asset-Backed-Trading&#8220;<\/strong>\u00a0(<a href=\"http:\/\/dtrees.com\/en\/fileadmin\/user_upload\/Presentations\/2014-03-06_ostermaier-georg_oegor.pdf\/\" data-rt-link-type=\"external\">Download<\/a>).<\/p><p>Der Produktmanager von DTrees, Herr \u00d6mer Kuzug\u00fcden, pr\u00e4sentierte das Thema\u00a0<strong>&#8222;Integrierte Day-Ahead- und Regelenergieangebotsoptimierung f\u00fcr Wasser- und Pumpspeicherkraftwerke&#8220;<\/strong>\u00a0(<a href=\"http:\/\/dtrees.com\/en\/fileadmin\/user_upload\/Presentations\/2014-03-06_kuzugueden-oemer_oegor.pdf\/\" data-rt-link-type=\"external\">Download<\/a>).<\/p><h3>DTrees @E-World 2014<\/h3><figure class=\"w-richtext-figure-type-image w-richtext-align-floatright\" data-rt-type=\"image\" data-rt-align=\"floatright\"><div><img decoding=\"async\" class=\"alignright\" src=\"https:\/\/assets.website-files.com\/5c6fd02e6978d217448b286f\/5c71c5632d05ce0e369784a3_csm_IMG_1024_0ef087a867.jpeg\" \/><\/div><\/figure><p>Wie jedes Jahr war DTrees auch diesmal bei der E-World 2014 dabei und stellte die neuesten Produkte vor. Die Schwerpunkte dieses Jahr waren<\/p><ul><li>die integrierte Regelenergieangebotsoptimierung f\u00fcr hydrothermische Erzeugungsportfolios,<\/li><li>stochastische Optimierung von Pumpspeicherkraftwerken,<\/li><li>Cross Commodity Optimization<\/li><li>stochastische Bewertung von flexiblen Gasbezugsvertr\u00e4gen<\/li><\/ul>\t\t\t\t\t\t\t\t<\/div>\n\t\t\t\t<\/div>\n\t\t\t\t\t<\/div>\n\t\t<\/div>\n\t\t\t\t\t<\/div>\n\t\t<\/section>\n\t\t\t\t<section class=\"elementor-section elementor-top-section elementor-element elementor-element-5723fecc elementor-section-stretched elementor-section-boxed elementor-section-height-default elementor-section-height-default\" data-id=\"5723fecc\" data-element_type=\"section\" data-settings=\"{&quot;stretch_section&quot;:&quot;section-stretched&quot;,&quot;background_background&quot;:&quot;classic&quot;}\">\n\t\t\t\t\t\t<div class=\"elementor-container elementor-column-gap-default\">\n\t\t\t\t\t<div class=\"elementor-column elementor-col-25 elementor-top-column elementor-element elementor-element-567bfd00\" data-id=\"567bfd00\" data-element_type=\"column\">\n\t\t\t<div class=\"elementor-widget-wrap elementor-element-populated\">\n\t\t\t\t\t\t<div class=\"elementor-element elementor-element-57db79cf elementor-position-left elementor-view-default elementor-mobile-position-top elementor-widget elementor-widget-icon-box\" data-id=\"57db79cf\" data-element_type=\"widget\" data-widget_type=\"icon-box.default\">\n\t\t\t\t<div class=\"elementor-widget-container\">\n\t\t\t\t\t\t\t<div class=\"elementor-icon-box-wrapper\">\n\n\t\t\t\t\t\t<div class=\"elementor-icon-box-icon\">\n\t\t\t\t<span  class=\"elementor-icon\">\n\t\t\t\t<i aria-hidden=\"true\" class=\"fas fa-map-marker-alt\"><\/i>\t\t\t\t<\/span>\n\t\t\t<\/div>\n\t\t\t\n\t\t\t\t\t\t<div class=\"elementor-icon-box-content\">\n\n\t\t\t\t\t\t\t\t\t<h3 class=\"elementor-icon-box-title\">\n\t\t\t\t\t\t<span  >\n\t\t\t\t\t\t\tOFFICE<br>MUNICH\t\t\t\t\t\t<\/span>\n\t\t\t\t\t<\/h3>\n\t\t\t\t\n\t\t\t\t\t\t\t\t\t<p class=\"elementor-icon-box-description\">\n\t\t\t\t\t\tKonrad-Zuse-Platz 8<br>\nD-81829 M\u00fcnchen<br><br>\n\nTel.: +49 89 207042 284<br>\nFax: +49 89 207042 288<br><br>\n\noffice@dtrees.com\t\t\t\t\t<\/p>\n\t\t\t\t\n\t\t\t<\/div>\n\t\t\t\n\t\t<\/div>\n\t\t\t\t\t\t<\/div>\n\t\t\t\t<\/div>\n\t\t\t\t\t<\/div>\n\t\t<\/div>\n\t\t\t\t<div class=\"elementor-column elementor-col-25 elementor-top-column elementor-element elementor-element-1261dff3\" data-id=\"1261dff3\" data-element_type=\"column\">\n\t\t\t<div class=\"elementor-widget-wrap elementor-element-populated\">\n\t\t\t\t\t\t<div class=\"elementor-element elementor-element-7fd3be9c elementor-position-left elementor-view-default elementor-mobile-position-top elementor-widget elementor-widget-icon-box\" data-id=\"7fd3be9c\" data-element_type=\"widget\" data-widget_type=\"icon-box.default\">\n\t\t\t\t<div class=\"elementor-widget-container\">\n\t\t\t\t\t\t\t<div class=\"elementor-icon-box-wrapper\">\n\n\t\t\t\t\t\t<div class=\"elementor-icon-box-icon\">\n\t\t\t\t<span  class=\"elementor-icon\">\n\t\t\t\t<i aria-hidden=\"true\" class=\"fas fa-map-marker-alt\"><\/i>\t\t\t\t<\/span>\n\t\t\t<\/div>\n\t\t\t\n\t\t\t\t\t\t<div class=\"elementor-icon-box-content\">\n\n\t\t\t\t\t\t\t\t\t<h3 class=\"elementor-icon-box-title\">\n\t\t\t\t\t\t<span  >\n\t\t\t\t\t\t\tOFFICE<br>ST. GALLEN\t\t\t\t\t\t<\/span>\n\t\t\t\t\t<\/h3>\n\t\t\t\t\n\t\t\t\t\t\t\t\t\t<p class=\"elementor-icon-box-description\">\n\t\t\t\t\t\tKornhausstrasse 26<br>\nCH-9000 St. Gallen<br><br>\n\nTel.: +41 71 313 05 55<br>\nFax: +41 71 313 05 01<br><br>\n\noffice@dtrees.com\t\t\t\t\t<\/p>\n\t\t\t\t\n\t\t\t<\/div>\n\t\t\t\n\t\t<\/div>\n\t\t\t\t\t\t<\/div>\n\t\t\t\t<\/div>\n\t\t\t\t\t<\/div>\n\t\t<\/div>\n\t\t\t\t<div class=\"elementor-column elementor-col-25 elementor-top-column elementor-element elementor-element-77adeb34\" data-id=\"77adeb34\" data-element_type=\"column\">\n\t\t\t<div class=\"elementor-widget-wrap elementor-element-populated\">\n\t\t\t\t\t\t<div class=\"elementor-element elementor-element-72647253 elementor-widget elementor-widget-heading\" data-id=\"72647253\" data-element_type=\"widget\" data-widget_type=\"heading.default\">\n\t\t\t\t<div class=\"elementor-widget-container\">\n\t\t\t\t\t<h2 class=\"elementor-heading-title elementor-size-default\">TOP NEWS<br><br><\/h2>\t\t\t\t<\/div>\n\t\t\t\t<\/div>\n\t\t\t\t<div class=\"elementor-element elementor-element-713b6873 top-news elementor-widget elementor-widget-sidebar\" data-id=\"713b6873\" data-element_type=\"widget\" data-widget_type=\"sidebar.default\">\n\t\t\t\t<div class=\"elementor-widget-container\">\n\t\t\t\t\t\n<p>Decision Trees freut sich darauf Sie ab 10. Februar 2026 an unserem Stand auf der E-World in Essen begr\u00fcssen zu d\u00fcrfen.<\/p>\n\t\t\t\t<\/div>\n\t\t\t\t<\/div>\n\t\t\t\t\t<\/div>\n\t\t<\/div>\n\t\t\t\t<div class=\"elementor-column elementor-col-25 elementor-top-column elementor-element elementor-element-5685ec65\" data-id=\"5685ec65\" data-element_type=\"column\">\n\t\t\t<div class=\"elementor-widget-wrap elementor-element-populated\">\n\t\t\t\t\t\t<div class=\"elementor-element elementor-element-3a10d873 elementor-nav-menu__align-center elementor-nav-menu--dropdown-none elementor-widget elementor-widget-nav-menu\" data-id=\"3a10d873\" data-element_type=\"widget\" data-settings=\"{&quot;submenu_icon&quot;:{&quot;value&quot;:&quot;&lt;i class=\\&quot;\\&quot;&gt;&lt;\\\/i&gt;&quot;,&quot;library&quot;:&quot;&quot;},&quot;layout&quot;:&quot;horizontal&quot;}\" data-widget_type=\"nav-menu.default\">\n\t\t\t\t<div class=\"elementor-widget-container\">\n\t\t\t\t\t\t\t\t<nav migration_allowed=\"1\" migrated=\"0\" role=\"navigation\" class=\"elementor-nav-menu--main elementor-nav-menu__container elementor-nav-menu--layout-horizontal e--pointer-none\">\n\t\t\t\t<ul id=\"menu-1-3a10d873\" class=\"elementor-nav-menu\"><li class=\"menu-item menu-item-type-post_type menu-item-object-page menu-item-555\"><a href=\"https:\/\/dtrees.com\/en\/imprint\/\" class=\"elementor-item\">IMPRINT<\/a><\/li>\n<li class=\"menu-item menu-item-type-post_type menu-item-object-page menu-item-626\"><a href=\"https:\/\/dtrees.com\/en\/imprint\/\" class=\"elementor-item\">PRIVACY<\/a><\/li>\n<li class=\"menu-item menu-item-type-post_type menu-item-object-page menu-item-556\"><a href=\"https:\/\/dtrees.com\/en\/contact\/\" class=\"elementor-item\">CONTACT<\/a><\/li>\n<\/ul>\t\t\t<\/nav>\n\t\t\t\t\t<div class=\"elementor-menu-toggle\" role=\"button\" tabindex=\"0\" aria-label=\"Menu Toggle\" aria-expanded=\"false\">\n\t\t\t<i aria-hidden=\"true\" role=\"presentation\" class=\"elementor-menu-toggle__icon--open eicon-menu-bar\"><\/i><i aria-hidden=\"true\" role=\"presentation\" class=\"elementor-menu-toggle__icon--close eicon-close\"><\/i>\t\t\t<span class=\"elementor-screen-only\">Menu<\/span>\n\t\t<\/div>\n\t\t\t<nav class=\"elementor-nav-menu--dropdown elementor-nav-menu__container\" role=\"navigation\" aria-hidden=\"true\">\n\t\t\t\t<ul id=\"menu-2-3a10d873\" class=\"elementor-nav-menu\"><li class=\"menu-item menu-item-type-post_type menu-item-object-page menu-item-555\"><a href=\"https:\/\/dtrees.com\/en\/imprint\/\" class=\"elementor-item\" tabindex=\"-1\">IMPRINT<\/a><\/li>\n<li class=\"menu-item menu-item-type-post_type menu-item-object-page menu-item-626\"><a href=\"https:\/\/dtrees.com\/en\/imprint\/\" class=\"elementor-item\" tabindex=\"-1\">PRIVACY<\/a><\/li>\n<li class=\"menu-item menu-item-type-post_type menu-item-object-page menu-item-556\"><a href=\"https:\/\/dtrees.com\/en\/contact\/\" class=\"elementor-item\" tabindex=\"-1\">CONTACT<\/a><\/li>\n<\/ul>\t\t\t<\/nav>\n\t\t\t\t\t\t<\/div>\n\t\t\t\t<\/div>\n\t\t\t\t\t<\/div>\n\t\t<\/div>\n\t\t\t\t\t<\/div>\n\t\t<\/section>\n\t\t\t\t<section class=\"elementor-section elementor-top-section elementor-element elementor-element-b14f396 elementor-section-stretched elementor-section-boxed elementor-section-height-default elementor-section-height-default\" data-id=\"b14f396\" data-element_type=\"section\" data-settings=\"{&quot;stretch_section&quot;:&quot;section-stretched&quot;,&quot;background_background&quot;:&quot;classic&quot;}\">\n\t\t\t\t\t\t<div class=\"elementor-container elementor-column-gap-no\">\n\t\t\t\t\t<div class=\"elementor-column elementor-col-100 elementor-top-column elementor-element elementor-element-78e506f1\" data-id=\"78e506f1\" data-element_type=\"column\">\n\t\t\t<div class=\"elementor-widget-wrap elementor-element-populated\">\n\t\t\t\t\t\t<div class=\"elementor-element elementor-element-7a75267 elementor-widget-divider--view-line elementor-widget elementor-widget-divider\" data-id=\"7a75267\" data-element_type=\"widget\" data-widget_type=\"divider.default\">\n\t\t\t\t<div class=\"elementor-widget-container\">\n\t\t\t\t\t\t\t<div class=\"elementor-divider\">\n\t\t\t<span class=\"elementor-divider-separator\">\n\t\t\t\t\t\t<\/span>\n\t\t<\/div>\n\t\t\t\t\t\t<\/div>\n\t\t\t\t<\/div>\n\t\t\t\t\t<\/div>\n\t\t<\/div>\n\t\t\t\t\t<\/div>\n\t\t<\/section>\n\t\t\t\t<section class=\"elementor-section elementor-top-section elementor-element elementor-element-50231ffb elementor-section-content-middle elementor-section-stretched elementor-section-boxed elementor-section-height-default elementor-section-height-default\" data-id=\"50231ffb\" data-element_type=\"section\" data-settings=\"{&quot;stretch_section&quot;:&quot;section-stretched&quot;,&quot;background_background&quot;:&quot;classic&quot;}\">\n\t\t\t\t\t\t<div class=\"elementor-container elementor-column-gap-no\">\n\t\t\t\t\t<div class=\"elementor-column elementor-col-33 elementor-top-column elementor-element elementor-element-641bdd6\" data-id=\"641bdd6\" data-element_type=\"column\">\n\t\t\t<div class=\"elementor-widget-wrap elementor-element-populated\">\n\t\t\t\t\t\t<section class=\"elementor-section elementor-inner-section elementor-element elementor-element-458350ee elementor-section-boxed elementor-section-height-default elementor-section-height-default\" data-id=\"458350ee\" data-element_type=\"section\">\n\t\t\t\t\t\t<div class=\"elementor-container elementor-column-gap-default\">\n\t\t\t\t\t<div class=\"elementor-column elementor-col-50 elementor-inner-column elementor-element elementor-element-328bf3ba\" data-id=\"328bf3ba\" data-element_type=\"column\">\n\t\t\t<div class=\"elementor-widget-wrap elementor-element-populated\">\n\t\t\t\t\t\t<div class=\"elementor-element elementor-element-79370755 elementor-view-default elementor-widget elementor-widget-icon\" data-id=\"79370755\" data-element_type=\"widget\" data-widget_type=\"icon.default\">\n\t\t\t\t<div class=\"elementor-widget-container\">\n\t\t\t\t\t\t\t<div class=\"elementor-icon-wrapper\">\n\t\t\t<a class=\"elementor-icon\" href=\"https:\/\/www.linkedin.com\/company\/decision-trees-gmbh\/\" target=\"_blank\">\n\t\t\t<i aria-hidden=\"true\" class=\"fab fa-linkedin\"><\/i>\t\t\t<\/a>\n\t\t<\/div>\n\t\t\t\t\t\t<\/div>\n\t\t\t\t<\/div>\n\t\t\t\t\t<\/div>\n\t\t<\/div>\n\t\t\t\t<div class=\"elementor-column elementor-col-50 elementor-inner-column elementor-element elementor-element-21d1b640\" data-id=\"21d1b640\" data-element_type=\"column\">\n\t\t\t<div class=\"elementor-widget-wrap elementor-element-populated\">\n\t\t\t\t\t\t<div class=\"elementor-element elementor-element-707d2949 elementor-view-default elementor-widget elementor-widget-icon\" data-id=\"707d2949\" data-element_type=\"widget\" data-widget_type=\"icon.default\">\n\t\t\t\t<div class=\"elementor-widget-container\">\n\t\t\t\t\t\t\t<div class=\"elementor-icon-wrapper\">\n\t\t\t<a class=\"elementor-icon\" href=\"https:\/\/www.xing.com\/companies\/decisiontreesgmbh\" target=\"_blank\">\n\t\t\t<i aria-hidden=\"true\" class=\"fab fa-xing-square\"><\/i>\t\t\t<\/a>\n\t\t<\/div>\n\t\t\t\t\t\t<\/div>\n\t\t\t\t<\/div>\n\t\t\t\t\t<\/div>\n\t\t<\/div>\n\t\t\t\t\t<\/div>\n\t\t<\/section>\n\t\t\t\t\t<\/div>\n\t\t<\/div>\n\t\t\t\t<div class=\"elementor-column elementor-col-33 elementor-top-column elementor-element elementor-element-7b66e40b\" data-id=\"7b66e40b\" data-element_type=\"column\">\n\t\t\t<div class=\"elementor-widget-wrap elementor-element-populated\">\n\t\t\t\t\t\t<div class=\"elementor-element elementor-element-66b35bc1 elementor-widget elementor-widget-text-editor\" data-id=\"66b35bc1\" data-element_type=\"widget\" data-widget_type=\"text-editor.default\">\n\t\t\t\t<div class=\"elementor-widget-container\">\n\t\t\t\t\t\t\t\t\t<p>\u00a9 Decision Trees GmbH &#8211; All rights reserved<\/p>\t\t\t\t\t\t\t\t<\/div>\n\t\t\t\t<\/div>\n\t\t\t\t\t<\/div>\n\t\t<\/div>\n\t\t\t\t<div class=\"elementor-column elementor-col-33 elementor-top-column elementor-element elementor-element-21b37c91\" data-id=\"21b37c91\" data-element_type=\"column\">\n\t\t\t<div class=\"elementor-widget-wrap elementor-element-populated\">\n\t\t\t\t\t\t<div class=\"elementor-element elementor-element-22c5f0ec elementor-widget elementor-widget-image\" data-id=\"22c5f0ec\" data-element_type=\"widget\" data-widget_type=\"image.default\">\n\t\t\t\t<div class=\"elementor-widget-container\">\n\t\t\t\t\t\t\t\t\t\t\t\t\t\t\t<img decoding=\"async\" src=\"https:\/\/dtrees.com\/wp-content\/uploads\/elementor\/thumbs\/dtrees-logo-footer-pl51bf5vfu006xzzno2n1xbkgrajw9zfjywj3vbdj6.png\" title=\"dtrees-logo-footer\" alt=\"dtrees-logo-footer\" loading=\"lazy\" \/>\t\t\t\t\t\t\t\t\t\t\t\t\t\t\t<\/div>\n\t\t\t\t<\/div>\n\t\t\t\t\t<\/div>\n\t\t<\/div>\n\t\t\t\t\t<\/div>\n\t\t<\/section>\n\t\t\t\t<\/div>","protected":false},"excerpt":{"rendered":"<p>Veranstaltungen Decision Trees bei verschiedenen Veranstaltungen pr\u00e4sent Besuchen Sie uns auf der e-World-2018 Decision Trees GmbH stellt dieses Jahr wieder Produkte und Dienstleistungen rund um die mathematische und stochastische Optimierung in der Energiewirtschaft vor. Wir freuen uns, Ihnen unsere neusten Entwicklungen bei der stochastischen Cross-Commodity- und Cross-Market-Optimierung von hydro-thermischen Erzeugungsportfolios und von virtuellen Kraftwerken sowie [&hellip;]<\/p>","protected":false},"author":1,"featured_media":0,"parent":0,"menu_order":8,"comment_status":"closed","ping_status":"closed","template":"","meta":{"footnotes":""},"class_list":["post-333","page","type-page","status-publish","hentry","wpbf-post"],"_links":{"self":[{"href":"https:\/\/dtrees.com\/en\/wp-json\/wp\/v2\/pages\/333","targetHints":{"allow":["GET"]}}],"collection":[{"href":"https:\/\/dtrees.com\/en\/wp-json\/wp\/v2\/pages"}],"about":[{"href":"https:\/\/dtrees.com\/en\/wp-json\/wp\/v2\/types\/page"}],"author":[{"embeddable":true,"href":"https:\/\/dtrees.com\/en\/wp-json\/wp\/v2\/users\/1"}],"replies":[{"embeddable":true,"href":"https:\/\/dtrees.com\/en\/wp-json\/wp\/v2\/comments?post=333"}],"version-history":[{"count":10,"href":"https:\/\/dtrees.com\/en\/wp-json\/wp\/v2\/pages\/333\/revisions"}],"predecessor-version":[{"id":944,"href":"https:\/\/dtrees.com\/en\/wp-json\/wp\/v2\/pages\/333\/revisions\/944"}],"wp:attachment":[{"href":"https:\/\/dtrees.com\/en\/wp-json\/wp\/v2\/media?parent=333"}],"curies":[{"name":"wp","href":"https:\/\/api.w.org\/{rel}","templated":true}]}}