{"id":1304,"date":"2022-05-04T10:29:17","date_gmt":"2022-05-04T10:29:17","guid":{"rendered":"https:\/\/dev.dtrees.com\/?page_id=1304"},"modified":"2025-12-15T14:29:28","modified_gmt":"2025-12-15T14:29:28","slug":"eesti-energia","status":"publish","type":"page","link":"https:\/\/dtrees.com\/en\/eesti-energia\/","title":{"rendered":"Eesti Energia"},"content":{"rendered":"<div data-elementor-type=\"wp-page\" data-elementor-id=\"1304\" class=\"elementor elementor-1304\">\n\t\t\t\t\t\t<section class=\"elementor-section elementor-top-section elementor-element elementor-element-58da73cd elementor-section-height-min-height elementor-section-stretched elementor-section-boxed elementor-section-height-default elementor-section-items-middle\" data-id=\"58da73cd\" data-element_type=\"section\" data-settings=\"{&quot;stretch_section&quot;:&quot;section-stretched&quot;,&quot;background_background&quot;:&quot;classic&quot;}\">\n\t\t\t\t\t\t<div class=\"elementor-container elementor-column-gap-no\">\n\t\t\t\t\t<div class=\"elementor-column elementor-col-100 elementor-top-column elementor-element elementor-element-4397e898\" data-id=\"4397e898\" data-element_type=\"column\">\n\t\t\t<div class=\"elementor-widget-wrap elementor-element-populated\">\n\t\t\t\t\t\t<div class=\"elementor-element elementor-element-12f57502 elementor-widget elementor-widget-spacer\" data-id=\"12f57502\" data-element_type=\"widget\" data-widget_type=\"spacer.default\">\n\t\t\t\t<div class=\"elementor-widget-container\">\n\t\t\t\t\t\t\t<div class=\"elementor-spacer\">\n\t\t\t<div class=\"elementor-spacer-inner\"><\/div>\n\t\t<\/div>\n\t\t\t\t\t\t<\/div>\n\t\t\t\t<\/div>\n\t\t\t\t<div class=\"elementor-element elementor-element-2d54f359 elementor-widget__width-auto elementor-widget elementor-widget-heading\" data-id=\"2d54f359\" data-element_type=\"widget\" data-widget_type=\"heading.default\">\n\t\t\t\t<div class=\"elementor-widget-container\">\n\t\t\t\t\t<h2 class=\"elementor-heading-title elementor-size-default\">Estonian Energy<\/h2>\t\t\t\t<\/div>\n\t\t\t\t<\/div>\n\t\t\t\t<div class=\"elementor-element elementor-element-6fde8fd5 elementor-widget elementor-widget-spacer\" data-id=\"6fde8fd5\" data-element_type=\"widget\" data-widget_type=\"spacer.default\">\n\t\t\t\t<div class=\"elementor-widget-container\">\n\t\t\t\t\t\t\t<div class=\"elementor-spacer\">\n\t\t\t<div class=\"elementor-spacer-inner\"><\/div>\n\t\t<\/div>\n\t\t\t\t\t\t<\/div>\n\t\t\t\t<\/div>\n\t\t\t\t<div class=\"elementor-element elementor-element-14a2f2a9 elementor-widget__width-auto elementor-widget elementor-widget-heading\" data-id=\"14a2f2a9\" data-element_type=\"widget\" data-widget_type=\"heading.default\">\n\t\t\t\t<div class=\"elementor-widget-container\">\n\t\t\t\t\t<h3 class=\"elementor-heading-title elementor-size-default\">Eesti Energia w\u00e4hlt VisoTech, Decision Trees und IP Systems zur Steigerung der Handels- und Produktionseffizienz aus<\/h3>\t\t\t\t<\/div>\n\t\t\t\t<\/div>\n\t\t\t\t\t<\/div>\n\t\t<\/div>\n\t\t\t\t\t<\/div>\n\t\t<\/section>\n\t\t\t\t<section class=\"elementor-section elementor-top-section elementor-element elementor-element-4c68832a elementor-section-stretched elementor-section-boxed elementor-section-height-default elementor-section-height-default\" data-id=\"4c68832a\" data-element_type=\"section\" data-settings=\"{&quot;stretch_section&quot;:&quot;section-stretched&quot;}\">\n\t\t\t\t\t\t<div class=\"elementor-container elementor-column-gap-default\">\n\t\t\t\t\t<div class=\"elementor-column elementor-col-100 elementor-top-column elementor-element elementor-element-27456d0b\" data-id=\"27456d0b\" data-element_type=\"column\">\n\t\t\t<div class=\"elementor-widget-wrap elementor-element-populated\">\n\t\t\t\t\t\t<div class=\"elementor-element elementor-element-7b98355c elementor-widget elementor-widget-text-editor\" data-id=\"7b98355c\" data-element_type=\"widget\" data-widget_type=\"text-editor.default\">\n\t\t\t\t<div class=\"elementor-widget-container\">\n\t\t\t\t\t\t\t\t\t<h4><span dir=\"auto\" style=\"vertical-align: inherit;\"><span dir=\"auto\" style=\"vertical-align: inherit;\">Tallinn\/Wien\/M\u00fcnchen\/Budapest, 14. Mai 2019 \u2013 Eesti Energia, der gr\u00f6\u00dfte Energieerzeuger in den baltischen Staaten, hat gemeinsam mit VisoTech GmbH einen Vertrag mit IP Systems Zrt \u00fcber die Lieferung sowie einen f\u00fcnfj\u00e4hrigen Support einer Handels- und Optimierungsl\u00f6sung unterzeichnet.<\/span><\/span><\/h4><p><span dir=\"auto\" style=\"vertical-align: inherit;\"><span dir=\"auto\" style=\"vertical-align: inherit;\">IP Systems und VisoTech \u2013 gemeinsam mit Decision Trees als Subunternehmer \u2013 sind stolz darauf, von einem der f\u00fchrenden Akteure in der Ostseeregion ausgew\u00e4hlt worden zu sein, um ein innovatives Informationssystem f\u00fcr den Stromhandel und die Stromproduktion an der Nord Pool Stromb\u00f6rse bereitzustellen. Der estnische Strommarkt gilt als einer der fortschrittlichsten und innovativsten in der Europ\u00e4ischen Union. Eesti Energia \u00fcbernimmt eine f\u00fchrende Rolle bei der Einf\u00fchrung von Werkzeugen zur Verbesserung seiner Wettbewerbsposition auf dem Strommarkt im Ostseeraum. Durch die Automatisierung einer Vielzahl handelsbezogener Gesch\u00e4ftsprozesse wird die L\u00f6sung dazu beitragen, die Handels- und Produktionseffizienz des aktuellen Portfolios von 9,2 TWh zu steigern (zum Vergleich: der j\u00e4hrliche Stromverbrauch Estlands lag 2018 bei 8,7 TWh) und die Einnahmen zu erh\u00f6hen. Dabei wird die Flexibilit\u00e4t sowohl konventioneller als auch erneuerbarer Erzeugungsportfolios kontinuierlich optimiert und automatisch auf den kurzfristigen Stromm\u00e4rkten von Nord Pool gehandelt.<\/span><\/span><\/p><p><span dir=\"auto\" style=\"vertical-align: inherit;\"><span dir=\"auto\" style=\"vertical-align: inherit;\">\u201eDigitalisierung ist ein Bestandteil der Gesch\u00e4ftsstrategie von Eesti Energia. Ein modernes Stromhandelssystem ist ein wesentlicher Bestandteil dieser Digitalisierungsstrategie und erm\u00f6glicht es uns, unsere Position in diesem speziellen Bereich zu st\u00e4rken\u201c, sagte Agnes Roos, Leiterin des Gesch\u00e4fts- und Informationstechnologie-Services.<\/span><\/span><\/p><p><span dir=\"auto\" style=\"vertical-align: inherit;\"><span dir=\"auto\" style=\"vertical-align: inherit;\">Mit diesem Vertrag erweitern IP Systems, VisoTech und Decision Trees ihre Aktivit\u00e4ten auf dem baltischen Strommarkt und schaffen damit eine gemeinsame Pr\u00e4senz in der Region. Die baltischen Staaten sind zusammen mit den nordischen L\u00e4ndern strategisch wichtig f\u00fcr die weitere Expansion der Unternehmen. Die Anbieter verpflichten sich, Eesti Energia (au\u00dferhalb Estlands unter dem Namen Enefit t\u00e4tig) exzellenten Service zu bieten und ihre Kundenbasis in der Region weiter auszubauen.<\/span><\/span><\/p><p><span dir=\"auto\" style=\"vertical-align: inherit;\"><span dir=\"auto\" style=\"vertical-align: inherit;\">\u201eDurch Digitalisierung und Automatisierung genie\u00dfen innovative Unternehmen wie Eesti Energia einen deutlichen Wettbewerbsvorteil in der sich schnell wandelnden Energiebranche\u201c, sagte J\u00fcrgen Mayerhofer, Gesch\u00e4ftsf\u00fchrer von VisoTech. Mit der Periotheus Automated Trading Platform bietet VisoTech eine vollst\u00e4ndig integrierte L\u00f6sung f\u00fcr den kurzfristigen Energiehandel mit Strom und Gas.<\/span><\/span><\/p><h5>\u00dcber Eesti Energia (Enefit)<\/h5><p><a href=\"https:\/\/www.energia.ee\/en\/avaleht\" target=\"_blank\" rel=\"noopener\"><span dir=\"auto\" style=\"vertical-align: inherit;\"><span dir=\"auto\" style=\"vertical-align: inherit;\">Eesti Energia<\/span><\/span><\/a><span dir=\"auto\" style=\"vertical-align: inherit;\"><span dir=\"auto\" style=\"vertical-align: inherit;\">\u00a0 ist ein staatliches internationales Energieunternehmen, das auf den Strom- und Gasm\u00e4rkten der baltischen Staaten, Schwedens, Finnlands und Polens sowie auf dem internationalen Markt f\u00fcr fl\u00fcssige Brennstoffe t\u00e4tig ist. Das Unternehmen bietet Energie\u00adl\u00f6sungen an, die Strom-, W\u00e4rme- und Brennstofferzeugung, Vertrieb und Kundenservice sowie weitere Energiedienstleistungen umfassen. Dank seiner einzigartigen Erfahrung und Technologie in der Verarbeitung von \u00d6lschiefer und der Energieproduktion genie\u00dft Eesti Energia weltweit hohes Ansehen.<\/span><\/span><\/p><h5>\u00dcber IP Systems<\/h5><p><a href=\"https:\/\/www.ipsystems.hu\/\" target=\"_blank\" rel=\"noopener\"><span dir=\"auto\" style=\"vertical-align: inherit;\"><span dir=\"auto\" style=\"vertical-align: inherit;\">IP Systems<\/span><\/span><\/a><span dir=\"auto\" style=\"vertical-align: inherit;\"><span dir=\"auto\" style=\"vertical-align: inherit;\">\u00a0 ist ein IT-Entwicklungs- und Beratungsunternehmen, das auf liberalisierte Energiem\u00e4rkte spezialisiert ist. Das Unternehmen bietet Plattform- und Softwarel\u00f6sungen f\u00fcr Systembetreiber an, um ihre \u00dcbertragungs- oder Speicherkapazit\u00e4tsprodukte und -dienstleistungen zu vermarkten und zu verwalten. H\u00e4ndler k\u00f6nnen aus verschiedenen Softwaretools w\u00e4hlen, die ihre Aktivit\u00e4ten im Gro\u00df- und Einzelhandel unterst\u00fctzen. Weitere L\u00f6sungen bieten Plattformen f\u00fcr Auktionen, Handel und B\u00f6rsenoperationen. Seit 2008 werden die Produkte von IP Systems in \u00d6sterreich, Bulgarien, Kroatien, Tschechien, Griechenland, Ungarn, Rum\u00e4nien, der Slowakei, der Schweiz und der Ukraine eingesetzt. IP Systems ist eine Aktiengesellschaft (Zrt.), die zu 100\u202f% im Besitz ihrer Mitarbeiter ist.<\/span><\/span><\/p><h5>\u00dcber VisoTech<\/h5><p><span dir=\"auto\" style=\"vertical-align: inherit;\"><span dir=\"auto\" style=\"vertical-align: inherit;\">Gegr\u00fcndet im Jahr 1999 hat das Softwareunternehmen <\/span><\/span><a href=\"https:\/\/www.visotech.com\/\" target=\"_blank\" rel=\"noopener\"><span dir=\"auto\" style=\"vertical-align: inherit;\"><span dir=\"auto\" style=\"vertical-align: inherit;\">VisoTech<\/span><\/span><\/a><span dir=\"auto\" style=\"vertical-align: inherit;\"><span dir=\"auto\" style=\"vertical-align: inherit;\">\u00a0 seinen Hauptsitz in Wien. Mit dem Periotheus autoTRADER ist VisoTech Marktf\u00fchrer im vollautomatisierten Spot-Handel mit Strom und Gas. Die Periotheus Automated Trading Platform bietet eine vollst\u00e4ndig integrierte L\u00f6sung f\u00fcr den kurzfristigen Energiehandel mit erstklassigen Handelsalgorithmen, Asset Management, Scheduling &amp; Balancing und weiteren Funktionen. Optimiert f\u00fcr den Energiehandel der Zukunft unterst\u00fctzt die Plattform rund um die Uhr autonomes Trading an europ\u00e4ischen Strom- und Gasm\u00e4rkten wie PEGAS, EPEX SPOT und Nord Pool sowie au\u00dferb\u00f6rslich \u00fcber Trayport. Branchengr\u00f6\u00dfen wie EnBW, \u00d8rsted, STEAG, Iberdrola, VERBUND, Rosneft, OMV und weitere vertrauen auf die L\u00f6sungen von VisoTech.<\/span><\/span><\/p><h5><strong><span dir=\"auto\" style=\"vertical-align: inherit;\"><span dir=\"auto\" style=\"vertical-align: inherit;\">\u00dcber Decision Trees<\/span><\/span><\/strong><\/h5><p><span dir=\"auto\" style=\"vertical-align: inherit;\"><span dir=\"auto\" style=\"vertical-align: inherit;\">DTrees ist ein professionelles Beratungs- und Softwareunternehmen, das sich auf die Einf\u00fchrung von Next-Generation-Stochastik-Optimierungsmethoden in der Energiebranche spezialisiert hat. DTrees wurde 2008 in St.\u202fGallen gegr\u00fcndet und ist heute auch von M\u00fcnchen aus t\u00e4tig. Das Unternehmen bietet verschiedenen Energieunternehmen in Europa Optimierungssoftware und Beratungsleistungen f\u00fcr unterschiedliche Anwendungsf\u00e4lle \u2013 von der Einsatzplanung von hydro-thermischen Erzeugungsportfolios \u00fcber flexible Stromverbrauchsportfolios bis hin zur Optimierung und externen Bewertung von Erdgas- und anderen Rohstoffportfolios. Bekannte Energieerzeuger wie ExxonMobil, TIWAG, Trianel und Salzburg AG nutzen die Optimierungsl\u00f6sungen von DTrees.<\/span><\/span><\/p>\t\t\t\t\t\t\t\t<\/div>\n\t\t\t\t<\/div>\n\t\t\t\t\t<\/div>\n\t\t<\/div>\n\t\t\t\t\t<\/div>\n\t\t<\/section>\n\t\t\t\t<section class=\"elementor-section elementor-top-section elementor-element elementor-element-2b5b4317 elementor-section-stretched elementor-section-boxed elementor-section-height-default elementor-section-height-default\" data-id=\"2b5b4317\" data-element_type=\"section\" data-settings=\"{&quot;stretch_section&quot;:&quot;section-stretched&quot;,&quot;background_background&quot;:&quot;classic&quot;}\">\n\t\t\t\t\t\t<div class=\"elementor-container elementor-column-gap-default\">\n\t\t\t\t\t<div class=\"elementor-column elementor-col-25 elementor-top-column elementor-element elementor-element-4ea25f66\" data-id=\"4ea25f66\" data-element_type=\"column\">\n\t\t\t<div class=\"elementor-widget-wrap elementor-element-populated\">\n\t\t\t\t\t\t<div class=\"elementor-element elementor-element-39b429e2 elementor-position-left elementor-view-default elementor-mobile-position-top elementor-widget elementor-widget-icon-box\" data-id=\"39b429e2\" data-element_type=\"widget\" data-widget_type=\"icon-box.default\">\n\t\t\t\t<div class=\"elementor-widget-container\">\n\t\t\t\t\t\t\t<div class=\"elementor-icon-box-wrapper\">\n\n\t\t\t\t\t\t<div class=\"elementor-icon-box-icon\">\n\t\t\t\t<span  class=\"elementor-icon\">\n\t\t\t\t<i aria-hidden=\"true\" class=\"fas fa-map-marker-alt\"><\/i>\t\t\t\t<\/span>\n\t\t\t<\/div>\n\t\t\t\n\t\t\t\t\t\t<div class=\"elementor-icon-box-content\">\n\n\t\t\t\t\t\t\t\t\t<h3 class=\"elementor-icon-box-title\">\n\t\t\t\t\t\t<span  >\n\t\t\t\t\t\t\tOFFICE<br>MUNICH\t\t\t\t\t\t<\/span>\n\t\t\t\t\t<\/h3>\n\t\t\t\t\n\t\t\t\t\t\t\t\t\t<p class=\"elementor-icon-box-description\">\n\t\t\t\t\t\tKonrad-Zuse-Platz 8<br>\nD-81829 M\u00fcnchen<br><br>\n\nTel.: +49 89 207042 284<br>\nFax: +49 89 207042 288<br><br>\n\noffice@dtrees.com\t\t\t\t\t<\/p>\n\t\t\t\t\n\t\t\t<\/div>\n\t\t\t\n\t\t<\/div>\n\t\t\t\t\t\t<\/div>\n\t\t\t\t<\/div>\n\t\t\t\t\t<\/div>\n\t\t<\/div>\n\t\t\t\t<div class=\"elementor-column elementor-col-25 elementor-top-column elementor-element elementor-element-222c5f34\" data-id=\"222c5f34\" data-element_type=\"column\">\n\t\t\t<div class=\"elementor-widget-wrap elementor-element-populated\">\n\t\t\t\t\t\t<div class=\"elementor-element elementor-element-6d8b9f64 elementor-position-left elementor-view-default elementor-mobile-position-top elementor-widget elementor-widget-icon-box\" data-id=\"6d8b9f64\" data-element_type=\"widget\" data-widget_type=\"icon-box.default\">\n\t\t\t\t<div class=\"elementor-widget-container\">\n\t\t\t\t\t\t\t<div class=\"elementor-icon-box-wrapper\">\n\n\t\t\t\t\t\t<div class=\"elementor-icon-box-icon\">\n\t\t\t\t<span  class=\"elementor-icon\">\n\t\t\t\t<i aria-hidden=\"true\" class=\"fas fa-map-marker-alt\"><\/i>\t\t\t\t<\/span>\n\t\t\t<\/div>\n\t\t\t\n\t\t\t\t\t\t<div class=\"elementor-icon-box-content\">\n\n\t\t\t\t\t\t\t\t\t<h3 class=\"elementor-icon-box-title\">\n\t\t\t\t\t\t<span  >\n\t\t\t\t\t\t\tOFFICE<br>ST. GALLEN\t\t\t\t\t\t<\/span>\n\t\t\t\t\t<\/h3>\n\t\t\t\t\n\t\t\t\t\t\t\t\t\t<p class=\"elementor-icon-box-description\">\n\t\t\t\t\t\tKornhausstrasse 26<br>\nCH-9000 St. Gallen<br><br>\n\nTel.: +41 71 313 05 55<br>\nFax: +41 71 313 05 01<br><br>\n\noffice@dtrees.com\t\t\t\t\t<\/p>\n\t\t\t\t\n\t\t\t<\/div>\n\t\t\t\n\t\t<\/div>\n\t\t\t\t\t\t<\/div>\n\t\t\t\t<\/div>\n\t\t\t\t\t<\/div>\n\t\t<\/div>\n\t\t\t\t<div class=\"elementor-column elementor-col-25 elementor-top-column elementor-element elementor-element-c81e4d2\" data-id=\"c81e4d2\" data-element_type=\"column\">\n\t\t\t<div class=\"elementor-widget-wrap elementor-element-populated\">\n\t\t\t\t\t\t<div class=\"elementor-element elementor-element-2f04cef7 elementor-widget elementor-widget-heading\" data-id=\"2f04cef7\" data-element_type=\"widget\" data-widget_type=\"heading.default\">\n\t\t\t\t<div class=\"elementor-widget-container\">\n\t\t\t\t\t<h2 class=\"elementor-heading-title elementor-size-default\">TOP NEWS<br><br><\/h2>\t\t\t\t<\/div>\n\t\t\t\t<\/div>\n\t\t\t\t<div class=\"elementor-element elementor-element-152e115a top-news elementor-widget elementor-widget-sidebar\" data-id=\"152e115a\" data-element_type=\"widget\" data-widget_type=\"sidebar.default\">\n\t\t\t\t<div class=\"elementor-widget-container\">\n\t\t\t\t\t\n<p>Decision Trees freut sich darauf Sie ab 10. Februar 2026 an unserem Stand auf der E-World in Essen begr\u00fcssen zu d\u00fcrfen.<\/p>\n\t\t\t\t<\/div>\n\t\t\t\t<\/div>\n\t\t\t\t\t<\/div>\n\t\t<\/div>\n\t\t\t\t<div class=\"elementor-column elementor-col-25 elementor-top-column elementor-element elementor-element-13eb40aa\" data-id=\"13eb40aa\" data-element_type=\"column\">\n\t\t\t<div class=\"elementor-widget-wrap elementor-element-populated\">\n\t\t\t\t\t\t<div class=\"elementor-element elementor-element-78404648 elementor-nav-menu__align-center elementor-nav-menu--dropdown-none elementor-widget elementor-widget-nav-menu\" data-id=\"78404648\" data-element_type=\"widget\" data-settings=\"{&quot;submenu_icon&quot;:{&quot;value&quot;:&quot;&lt;i class=\\&quot;\\&quot;&gt;&lt;\\\/i&gt;&quot;,&quot;library&quot;:&quot;&quot;},&quot;layout&quot;:&quot;horizontal&quot;}\" data-widget_type=\"nav-menu.default\">\n\t\t\t\t<div class=\"elementor-widget-container\">\n\t\t\t\t\t\t\t\t<nav migration_allowed=\"1\" migrated=\"0\" role=\"navigation\" class=\"elementor-nav-menu--main elementor-nav-menu__container elementor-nav-menu--layout-horizontal e--pointer-none\">\n\t\t\t\t<ul id=\"menu-1-78404648\" class=\"elementor-nav-menu\"><li class=\"menu-item menu-item-type-post_type menu-item-object-page menu-item-555\"><a href=\"https:\/\/dtrees.com\/en\/imprint\/\" class=\"elementor-item\">IMPRINT<\/a><\/li>\n<li class=\"menu-item menu-item-type-post_type menu-item-object-page menu-item-626\"><a href=\"https:\/\/dtrees.com\/en\/imprint\/\" class=\"elementor-item\">PRIVACY<\/a><\/li>\n<li class=\"menu-item menu-item-type-post_type menu-item-object-page menu-item-556\"><a href=\"https:\/\/dtrees.com\/en\/contact\/\" class=\"elementor-item\">CONTACT<\/a><\/li>\n<\/ul>\t\t\t<\/nav>\n\t\t\t\t\t<div class=\"elementor-menu-toggle\" role=\"button\" tabindex=\"0\" aria-label=\"Menu Toggle\" aria-expanded=\"false\">\n\t\t\t<i aria-hidden=\"true\" role=\"presentation\" class=\"elementor-menu-toggle__icon--open eicon-menu-bar\"><\/i><i aria-hidden=\"true\" role=\"presentation\" class=\"elementor-menu-toggle__icon--close eicon-close\"><\/i>\t\t\t<span class=\"elementor-screen-only\">Menu<\/span>\n\t\t<\/div>\n\t\t\t<nav class=\"elementor-nav-menu--dropdown elementor-nav-menu__container\" role=\"navigation\" aria-hidden=\"true\">\n\t\t\t\t<ul id=\"menu-2-78404648\" class=\"elementor-nav-menu\"><li class=\"menu-item menu-item-type-post_type menu-item-object-page menu-item-555\"><a href=\"https:\/\/dtrees.com\/en\/imprint\/\" class=\"elementor-item\" tabindex=\"-1\">IMPRINT<\/a><\/li>\n<li class=\"menu-item menu-item-type-post_type menu-item-object-page menu-item-626\"><a href=\"https:\/\/dtrees.com\/en\/imprint\/\" class=\"elementor-item\" tabindex=\"-1\">PRIVACY<\/a><\/li>\n<li class=\"menu-item menu-item-type-post_type menu-item-object-page menu-item-556\"><a href=\"https:\/\/dtrees.com\/en\/contact\/\" class=\"elementor-item\" tabindex=\"-1\">CONTACT<\/a><\/li>\n<\/ul>\t\t\t<\/nav>\n\t\t\t\t\t\t<\/div>\n\t\t\t\t<\/div>\n\t\t\t\t\t<\/div>\n\t\t<\/div>\n\t\t\t\t\t<\/div>\n\t\t<\/section>\n\t\t\t\t<section class=\"elementor-section elementor-top-section elementor-element elementor-element-2c3e2972 elementor-section-stretched elementor-section-boxed elementor-section-height-default elementor-section-height-default\" data-id=\"2c3e2972\" data-element_type=\"section\" data-settings=\"{&quot;stretch_section&quot;:&quot;section-stretched&quot;,&quot;background_background&quot;:&quot;classic&quot;}\">\n\t\t\t\t\t\t<div class=\"elementor-container elementor-column-gap-no\">\n\t\t\t\t\t<div class=\"elementor-column elementor-col-100 elementor-top-column elementor-element elementor-element-299e0c04\" data-id=\"299e0c04\" data-element_type=\"column\">\n\t\t\t<div class=\"elementor-widget-wrap elementor-element-populated\">\n\t\t\t\t\t\t<div class=\"elementor-element elementor-element-1ab03483 elementor-widget-divider--view-line elementor-widget elementor-widget-divider\" data-id=\"1ab03483\" data-element_type=\"widget\" data-widget_type=\"divider.default\">\n\t\t\t\t<div class=\"elementor-widget-container\">\n\t\t\t\t\t\t\t<div class=\"elementor-divider\">\n\t\t\t<span class=\"elementor-divider-separator\">\n\t\t\t\t\t\t<\/span>\n\t\t<\/div>\n\t\t\t\t\t\t<\/div>\n\t\t\t\t<\/div>\n\t\t\t\t\t<\/div>\n\t\t<\/div>\n\t\t\t\t\t<\/div>\n\t\t<\/section>\n\t\t\t\t<section class=\"elementor-section elementor-top-section elementor-element elementor-element-74c0e8f1 elementor-section-content-middle elementor-section-stretched elementor-section-boxed elementor-section-height-default elementor-section-height-default\" data-id=\"74c0e8f1\" data-element_type=\"section\" data-settings=\"{&quot;stretch_section&quot;:&quot;section-stretched&quot;,&quot;background_background&quot;:&quot;classic&quot;}\">\n\t\t\t\t\t\t<div class=\"elementor-container elementor-column-gap-no\">\n\t\t\t\t\t<div class=\"elementor-column elementor-col-33 elementor-top-column elementor-element elementor-element-503c7b57\" data-id=\"503c7b57\" data-element_type=\"column\">\n\t\t\t<div class=\"elementor-widget-wrap elementor-element-populated\">\n\t\t\t\t\t\t<section class=\"elementor-section elementor-inner-section elementor-element elementor-element-6e9f51d8 elementor-section-boxed elementor-section-height-default elementor-section-height-default\" data-id=\"6e9f51d8\" data-element_type=\"section\">\n\t\t\t\t\t\t<div class=\"elementor-container elementor-column-gap-default\">\n\t\t\t\t\t<div class=\"elementor-column elementor-col-50 elementor-inner-column elementor-element elementor-element-699cd73e\" data-id=\"699cd73e\" data-element_type=\"column\">\n\t\t\t<div class=\"elementor-widget-wrap elementor-element-populated\">\n\t\t\t\t\t\t<div class=\"elementor-element elementor-element-225c5c60 elementor-view-default elementor-widget elementor-widget-icon\" data-id=\"225c5c60\" data-element_type=\"widget\" data-widget_type=\"icon.default\">\n\t\t\t\t<div class=\"elementor-widget-container\">\n\t\t\t\t\t\t\t<div class=\"elementor-icon-wrapper\">\n\t\t\t<a class=\"elementor-icon\" href=\"https:\/\/www.linkedin.com\/company\/decision-trees-gmbh\/\" target=\"_blank\">\n\t\t\t<i aria-hidden=\"true\" class=\"fab fa-linkedin\"><\/i>\t\t\t<\/a>\n\t\t<\/div>\n\t\t\t\t\t\t<\/div>\n\t\t\t\t<\/div>\n\t\t\t\t\t<\/div>\n\t\t<\/div>\n\t\t\t\t<div class=\"elementor-column elementor-col-50 elementor-inner-column elementor-element elementor-element-331781c1\" data-id=\"331781c1\" data-element_type=\"column\">\n\t\t\t<div class=\"elementor-widget-wrap elementor-element-populated\">\n\t\t\t\t\t\t<div class=\"elementor-element elementor-element-fda030e elementor-view-default elementor-widget elementor-widget-icon\" data-id=\"fda030e\" data-element_type=\"widget\" data-widget_type=\"icon.default\">\n\t\t\t\t<div class=\"elementor-widget-container\">\n\t\t\t\t\t\t\t<div class=\"elementor-icon-wrapper\">\n\t\t\t<a class=\"elementor-icon\" href=\"https:\/\/www.xing.com\/companies\/decisiontreesgmbh\" target=\"_blank\">\n\t\t\t<i aria-hidden=\"true\" class=\"fab fa-xing-square\"><\/i>\t\t\t<\/a>\n\t\t<\/div>\n\t\t\t\t\t\t<\/div>\n\t\t\t\t<\/div>\n\t\t\t\t\t<\/div>\n\t\t<\/div>\n\t\t\t\t\t<\/div>\n\t\t<\/section>\n\t\t\t\t\t<\/div>\n\t\t<\/div>\n\t\t\t\t<div class=\"elementor-column elementor-col-33 elementor-top-column elementor-element elementor-element-7d3e0851\" data-id=\"7d3e0851\" data-element_type=\"column\">\n\t\t\t<div class=\"elementor-widget-wrap elementor-element-populated\">\n\t\t\t\t\t\t<div class=\"elementor-element elementor-element-2d675a13 elementor-widget elementor-widget-text-editor\" data-id=\"2d675a13\" data-element_type=\"widget\" data-widget_type=\"text-editor.default\">\n\t\t\t\t<div class=\"elementor-widget-container\">\n\t\t\t\t\t\t\t\t\t<p>\u00a9 Decision Trees GmbH &#8211; All rights reserved<\/p>\t\t\t\t\t\t\t\t<\/div>\n\t\t\t\t<\/div>\n\t\t\t\t\t<\/div>\n\t\t<\/div>\n\t\t\t\t<div class=\"elementor-column elementor-col-33 elementor-top-column elementor-element elementor-element-513c5abf\" data-id=\"513c5abf\" data-element_type=\"column\">\n\t\t\t<div class=\"elementor-widget-wrap elementor-element-populated\">\n\t\t\t\t\t\t<div class=\"elementor-element elementor-element-6f2c014 elementor-widget elementor-widget-image\" data-id=\"6f2c014\" data-element_type=\"widget\" data-widget_type=\"image.default\">\n\t\t\t\t<div class=\"elementor-widget-container\">\n\t\t\t\t\t\t\t\t\t\t\t\t\t\t\t<img decoding=\"async\" src=\"https:\/\/dtrees.com\/wp-content\/uploads\/elementor\/thumbs\/dtrees-logo-footer-pl51bf5vfu006xzzno2n1xbkgrajw9zfjywj3vbdj6.png\" title=\"dtrees-logo-footer\" alt=\"dtrees-logo-footer\" loading=\"lazy\" \/>\t\t\t\t\t\t\t\t\t\t\t\t\t\t\t<\/div>\n\t\t\t\t<\/div>\n\t\t\t\t\t<\/div>\n\t\t<\/div>\n\t\t\t\t\t<\/div>\n\t\t<\/section>\n\t\t\t\t<\/div>","protected":false},"excerpt":{"rendered":"<p>Estonian Energy Eesti Energia w\u00e4hlt VisoTech, Decision Trees und IP Systems zur Steigerung der Handels- und Produktionseffizienz aus Tallinn\/Wien\/M\u00fcnchen\/Budapest, 14. Mai 2019 \u2013 Eesti Energia, der gr\u00f6\u00dfte Energieerzeuger in den baltischen Staaten, hat gemeinsam mit VisoTech GmbH einen Vertrag mit IP Systems Zrt \u00fcber die Lieferung sowie einen f\u00fcnfj\u00e4hrigen Support einer Handels- und Optimierungsl\u00f6sung unterzeichnet. [&hellip;]<\/p>","protected":false},"author":3,"featured_media":0,"parent":0,"menu_order":0,"comment_status":"closed","ping_status":"closed","template":"","meta":{"footnotes":""},"class_list":["post-1304","page","type-page","status-publish","hentry","wpbf-post"],"_links":{"self":[{"href":"https:\/\/dtrees.com\/en\/wp-json\/wp\/v2\/pages\/1304","targetHints":{"allow":["GET"]}}],"collection":[{"href":"https:\/\/dtrees.com\/en\/wp-json\/wp\/v2\/pages"}],"about":[{"href":"https:\/\/dtrees.com\/en\/wp-json\/wp\/v2\/types\/page"}],"author":[{"embeddable":true,"href":"https:\/\/dtrees.com\/en\/wp-json\/wp\/v2\/users\/3"}],"replies":[{"embeddable":true,"href":"https:\/\/dtrees.com\/en\/wp-json\/wp\/v2\/comments?post=1304"}],"version-history":[{"count":8,"href":"https:\/\/dtrees.com\/en\/wp-json\/wp\/v2\/pages\/1304\/revisions"}],"predecessor-version":[{"id":1410,"href":"https:\/\/dtrees.com\/en\/wp-json\/wp\/v2\/pages\/1304\/revisions\/1410"}],"wp:attachment":[{"href":"https:\/\/dtrees.com\/en\/wp-json\/wp\/v2\/media?parent=1304"}],"curies":[{"name":"wp","href":"https:\/\/api.w.org\/{rel}","templated":true}]}}